{"id":184,"date":"2013-06-07T10:53:15","date_gmt":"2013-06-07T10:53:15","guid":{"rendered":"http:\/\/demo.woothemes.com\/woocommerce\/?post_type=product&#038;p=37"},"modified":"2024-08-21T09:34:32","modified_gmt":"2024-08-21T07:34:32","slug":"kn95-50-pieces","status":"publish","type":"product","link":"https:\/\/nissaccess.fr\/index.php\/produit\/kn95-50-pieces\/","title":{"rendered":"KN95  50 pi\u00e8ces"},"content":{"rendered":"<p>KN95 Masque jetable boite de 50 pi\u00e8ces<\/p>\n<p>Masque KN95 non m\u00e9dical, 5 couches, taille adulte 160x110mm.<\/p>\n<p>Haute efficacit\u00e9 de filtration, faible r\u00e9sistance respiratoire.<\/p>\n<p>Bonne protection contre les temp\u00eates de sable, la brume et les PM2,5.Peut prot\u00e9ger efficacement l&rsquo;allergie au pollen, la transmission de virus, etc.<\/p>\n<p>Utilis\u00e9 dans l&rsquo;industrie de la protection pour la pr\u00e9vention de la poussi\u00e8re, la coul\u00e9e de m\u00e9taux, l&rsquo;extraction de pierre, l&rsquo;\u00e9lectronique\u2026 Couche int\u00e9rieure: non-tiss\u00e9e doux pour la peau.<\/p>\n<p>Couche ext\u00e9rieure: 50gr \/ m2 non tiss\u00e9 2 couches interm\u00e9diaires: 25gr \/ m2 melt-blow\u00a0 Couche centrale : 30gr \/ m2 non tiss\u00e9e Couche externe c\u00f4t\u00e9 bouche: 30gr \/ m2 non tiss\u00e9e<\/p>\n","protected":false},"excerpt":{"rendered":"<p>KN95 Masque jetable boite de 50 pi\u00e8ces<\/p>\n<p>Masque KN95 non m\u00e9dical, 5 couches, taille adulte 160x110mm.<\/p>\n<p>Haute efficacit\u00e9 de filtration, faible r\u00e9sistance respiratoire.<\/p>\n<p>Bonne protection contre les temp\u00eates de sable, la brume et les PM2,5.Peut prot\u00e9ger efficacement l&rsquo;allergie au pollen, la transmission de virus, etc.<\/p>\n<p>Utilis\u00e9 dans l&rsquo;industrie de la protection pour la pr\u00e9vention de la poussi\u00e8re, la coul\u00e9e de m\u00e9taux, l&rsquo;extraction de pierre, l&rsquo;\u00e9lectronique\u2026 Couche int\u00e9rieure: non-tiss\u00e9e doux pour la peau.<\/p>\n<p>Couche ext\u00e9rieure: 50gr \/ m2 non tiss\u00e9 2 couches interm\u00e9diaires: 25gr \/ m2 melt-blow\u00a0 Couche centrale : 30gr \/ m2 non tiss\u00e9e Couche externe c\u00f4t\u00e9 bouche: 30gr \/ m2 non tiss\u00e9e<\/p>\n","protected":false},"featured_media":1017,"comment_status":"open","ping_status":"closed","template":"","meta":{"_monsterinsights_skip_tracking":false,"_monsterinsights_sitenote_active":false,"_monsterinsights_sitenote_note":"","_monsterinsights_sitenote_category":0},"product_brand":[],"product_cat":[33],"product_tag":[],"class_list":{"0":"post-184","1":"product","2":"type-product","3":"status-publish","4":"has-post-thumbnail","6":"product_cat-equipement-de-protection-individuelle","8":"first","9":"instock","10":"shipping-taxable","11":"purchasable","12":"product-type-simple"},"jetpack_sharing_enabled":true,"_links":{"self":[{"href":"https:\/\/nissaccess.fr\/index.php\/wp-json\/wp\/v2\/product\/184","targetHints":{"allow":["GET"]}}],"collection":[{"href":"https:\/\/nissaccess.fr\/index.php\/wp-json\/wp\/v2\/product"}],"about":[{"href":"https:\/\/nissaccess.fr\/index.php\/wp-json\/wp\/v2\/types\/product"}],"replies":[{"embeddable":true,"href":"https:\/\/nissaccess.fr\/index.php\/wp-json\/wp\/v2\/comments?post=184"}],"wp:featuredmedia":[{"embeddable":true,"href":"https:\/\/nissaccess.fr\/index.php\/wp-json\/wp\/v2\/media\/1017"}],"wp:attachment":[{"href":"https:\/\/nissaccess.fr\/index.php\/wp-json\/wp\/v2\/media?parent=184"}],"wp:term":[{"taxonomy":"product_brand","embeddable":true,"href":"https:\/\/nissaccess.fr\/index.php\/wp-json\/wp\/v2\/product_brand?post=184"},{"taxonomy":"product_cat","embeddable":true,"href":"https:\/\/nissaccess.fr\/index.php\/wp-json\/wp\/v2\/product_cat?post=184"},{"taxonomy":"product_tag","embeddable":true,"href":"https:\/\/nissaccess.fr\/index.php\/wp-json\/wp\/v2\/product_tag?post=184"}],"curies":[{"name":"wp","href":"https:\/\/api.w.org\/{rel}","templated":true}]}}