{"id":1454,"date":"2024-08-22T16:08:49","date_gmt":"2024-08-22T14:08:49","guid":{"rendered":"https:\/\/nissaccess.fr\/?post_type=product&#038;p=1454"},"modified":"2024-09-08T11:11:20","modified_gmt":"2024-09-08T09:11:20","slug":"cable-multifonctions-tresse-4-en-1-noir-kimmy-charger","status":"publish","type":"product","link":"https:\/\/nissaccess.fr\/index.php\/produit\/cable-multifonctions-tresse-4-en-1-noir-kimmy-charger\/","title":{"rendered":"C\u00e2ble multifonctions tress\u00e9 4 en 1 NOIR KIMMY CHARGER"},"content":{"rendered":"<p>C\u00e2ble de charge et transfert de donn\u00e9es<\/p>\n<p>C\u00e2ble multifonctions tress\u00e9 USB\/USB-C ou LIGHTNING USB-C\/USB-C ou LIGHTNING 1m 60W BLANC KIMMY CHARGER<\/p>\n<p>Connecteur coud\u00e9<\/p>\n","protected":false},"excerpt":{"rendered":"<p>C\u00e2ble de charge et transfert de donn\u00e9es<\/p>\n<p>C\u00e2ble multifonctions tress\u00e9 USB\/USB-C ou LIGHTNING USB-C\/USB-C ou LIGHTNING 1m 60W BLANC KIMMY CHARGER<\/p>\n<p>Connecteur coud\u00e9<\/p>\n","protected":false},"featured_media":1475,"comment_status":"open","ping_status":"closed","template":"","meta":{"_monsterinsights_skip_tracking":false,"_monsterinsights_sitenote_active":false,"_monsterinsights_sitenote_note":"","_monsterinsights_sitenote_category":0},"product_brand":[],"product_cat":[44,43],"product_tag":[],"class_list":{"0":"post-1454","1":"product","2":"type-product","3":"status-publish","4":"has-post-thumbnail","6":"product_cat-charge","7":"product_cat-telephonie","9":"first","10":"instock","11":"sold-individually","12":"shipping-taxable","13":"purchasable","14":"product-type-simple"},"jetpack_sharing_enabled":true,"_links":{"self":[{"href":"https:\/\/nissaccess.fr\/index.php\/wp-json\/wp\/v2\/product\/1454","targetHints":{"allow":["GET"]}}],"collection":[{"href":"https:\/\/nissaccess.fr\/index.php\/wp-json\/wp\/v2\/product"}],"about":[{"href":"https:\/\/nissaccess.fr\/index.php\/wp-json\/wp\/v2\/types\/product"}],"replies":[{"embeddable":true,"href":"https:\/\/nissaccess.fr\/index.php\/wp-json\/wp\/v2\/comments?post=1454"}],"wp:featuredmedia":[{"embeddable":true,"href":"https:\/\/nissaccess.fr\/index.php\/wp-json\/wp\/v2\/media\/1475"}],"wp:attachment":[{"href":"https:\/\/nissaccess.fr\/index.php\/wp-json\/wp\/v2\/media?parent=1454"}],"wp:term":[{"taxonomy":"product_brand","embeddable":true,"href":"https:\/\/nissaccess.fr\/index.php\/wp-json\/wp\/v2\/product_brand?post=1454"},{"taxonomy":"product_cat","embeddable":true,"href":"https:\/\/nissaccess.fr\/index.php\/wp-json\/wp\/v2\/product_cat?post=1454"},{"taxonomy":"product_tag","embeddable":true,"href":"https:\/\/nissaccess.fr\/index.php\/wp-json\/wp\/v2\/product_tag?post=1454"}],"curies":[{"name":"wp","href":"https:\/\/api.w.org\/{rel}","templated":true}]}}