{"id":1385,"date":"2022-01-06T16:52:03","date_gmt":"2022-01-06T15:52:03","guid":{"rendered":"https:\/\/nissaccess.fr\/?post_type=product&#038;p=1385"},"modified":"2022-01-11T16:42:07","modified_gmt":"2022-01-11T15:42:07","slug":"polo-pima-coton","status":"publish","type":"product","link":"https:\/\/nissaccess.fr\/index.php\/produit\/polo-pima-coton\/","title":{"rendered":"POLO PIMA COTON"},"content":{"rendered":"<p>220 g\/m2<\/p>\n<p>100% coton (pima)<\/p>\n<p>pr\u00e9r\u00e9tr\u00e9ci<\/p>\n<p>lav\u00e9 aux enzymes<\/p>\n<p>col de m\u00eame mat\u00e9riau et patte de boutonnage \u00e9troite avec logo en boutons anthracite perl\u00e9s<\/p>\n<p>renforts d&rsquo;\u00e9paules<\/p>\n<p>coupe ajust\u00e9e<\/p>\n<p>Brodage :<\/p>\n<p>NISSA+AIGLE<\/p>\n<p>&nbsp;<\/p>\n<p>&nbsp;<\/p>\n<p>&nbsp;<\/p>\n","protected":false},"excerpt":{"rendered":"<p>220 g\/m2<\/p>\n<p>100% coton (pima)<\/p>\n<p>pr\u00e9r\u00e9tr\u00e9ci<\/p>\n<p>lav\u00e9 aux enzymes<\/p>\n<p>col de m\u00eame mat\u00e9riau et patte de boutonnage \u00e9troite avec logo en boutons anthracite perl\u00e9s<\/p>\n<p>renforts d&rsquo;\u00e9paules<\/p>\n<p>coupe ajust\u00e9e<\/p>\n<p>Brodage:<\/p>\n<p>NISSA+AIGLE<\/p>\n<p>&nbsp;<\/p>\n<p>&nbsp;<\/p>\n","protected":false},"featured_media":1357,"comment_status":"open","ping_status":"closed","template":"","meta":{"_monsterinsights_skip_tracking":false,"_monsterinsights_sitenote_active":false,"_monsterinsights_sitenote_note":"","_monsterinsights_sitenote_category":0},"product_brand":[],"product_cat":[50,49],"product_tag":[],"class_list":{"0":"post-1385","1":"product","2":"type-product","3":"status-publish","4":"has-post-thumbnail","6":"product_cat-polos-textiles","7":"product_cat-textiles","9":"first","10":"instock","11":"sold-individually","12":"shipping-taxable","13":"purchasable","14":"product-type-variable"},"jetpack_sharing_enabled":true,"_links":{"self":[{"href":"https:\/\/nissaccess.fr\/index.php\/wp-json\/wp\/v2\/product\/1385","targetHints":{"allow":["GET"]}}],"collection":[{"href":"https:\/\/nissaccess.fr\/index.php\/wp-json\/wp\/v2\/product"}],"about":[{"href":"https:\/\/nissaccess.fr\/index.php\/wp-json\/wp\/v2\/types\/product"}],"replies":[{"embeddable":true,"href":"https:\/\/nissaccess.fr\/index.php\/wp-json\/wp\/v2\/comments?post=1385"}],"wp:featuredmedia":[{"embeddable":true,"href":"https:\/\/nissaccess.fr\/index.php\/wp-json\/wp\/v2\/media\/1357"}],"wp:attachment":[{"href":"https:\/\/nissaccess.fr\/index.php\/wp-json\/wp\/v2\/media?parent=1385"}],"wp:term":[{"taxonomy":"product_brand","embeddable":true,"href":"https:\/\/nissaccess.fr\/index.php\/wp-json\/wp\/v2\/product_brand?post=1385"},{"taxonomy":"product_cat","embeddable":true,"href":"https:\/\/nissaccess.fr\/index.php\/wp-json\/wp\/v2\/product_cat?post=1385"},{"taxonomy":"product_tag","embeddable":true,"href":"https:\/\/nissaccess.fr\/index.php\/wp-json\/wp\/v2\/product_tag?post=1385"}],"curies":[{"name":"wp","href":"https:\/\/api.w.org\/{rel}","templated":true}]}}