{"id":1377,"date":"2022-01-06T15:57:16","date_gmt":"2022-01-06T14:57:16","guid":{"rendered":"https:\/\/nissaccess.fr\/?post_type=product&#038;p=1377"},"modified":"2022-01-11T16:42:50","modified_gmt":"2022-01-11T15:42:50","slug":"polo-luxury-strech","status":"publish","type":"product","link":"https:\/\/nissaccess.fr\/index.php\/produit\/polo-luxury-strech\/","title":{"rendered":"POLO LUXURY STRECH"},"content":{"rendered":"<p>215 g\/m2<\/p>\n<p>95% coton ringpsun, 5% \u00e9lasthanne<\/p>\n<p>mini piqu\u00e9<\/p>\n<p>pr\u00e9r\u00e9tr\u00e9ci<\/p>\n<p>col plat en lycra<\/p>\n<p>bande de propret\u00e9<\/p>\n<p>patte de boutonnage soign\u00e9e<\/p>\n<p>coupe ajust\u00e9e<\/p>\n<p>Brodage :<\/p>\n<p>NISSA+AIGLE<\/p>\n<p>&nbsp;<\/p>\n<p>&nbsp;<\/p>\n","protected":false},"excerpt":{"rendered":"<p>215 g\/m2<\/p>\n<p>95% coton ringpsun, 5% \u00e9lasthanne<\/p>\n<p>mini piqu\u00e9<\/p>\n<p>pr\u00e9r\u00e9tr\u00e9ci<\/p>\n<p>col plat en lycra<\/p>\n<p>bande de propret\u00e9<\/p>\n<p>patte de boutonnage soign\u00e9e<\/p>\n<p>coupe ajust\u00e9e<\/p>\n<p>Brodage :<\/p>\n<p>NISSA+AIGLE<\/p>\n<p>&nbsp;<\/p>\n<p>&nbsp;<\/p>\n","protected":false},"featured_media":1411,"comment_status":"open","ping_status":"closed","template":"","meta":{"_monsterinsights_skip_tracking":false,"_monsterinsights_sitenote_active":false,"_monsterinsights_sitenote_note":"","_monsterinsights_sitenote_category":0},"product_brand":[],"product_cat":[50,49],"product_tag":[],"class_list":{"0":"post-1377","1":"product","2":"type-product","3":"status-publish","4":"has-post-thumbnail","6":"product_cat-polos-textiles","7":"product_cat-textiles","9":"first","10":"instock","11":"sold-individually","12":"shipping-taxable","13":"purchasable","14":"product-type-variable"},"jetpack_sharing_enabled":true,"_links":{"self":[{"href":"https:\/\/nissaccess.fr\/index.php\/wp-json\/wp\/v2\/product\/1377","targetHints":{"allow":["GET"]}}],"collection":[{"href":"https:\/\/nissaccess.fr\/index.php\/wp-json\/wp\/v2\/product"}],"about":[{"href":"https:\/\/nissaccess.fr\/index.php\/wp-json\/wp\/v2\/types\/product"}],"replies":[{"embeddable":true,"href":"https:\/\/nissaccess.fr\/index.php\/wp-json\/wp\/v2\/comments?post=1377"}],"wp:featuredmedia":[{"embeddable":true,"href":"https:\/\/nissaccess.fr\/index.php\/wp-json\/wp\/v2\/media\/1411"}],"wp:attachment":[{"href":"https:\/\/nissaccess.fr\/index.php\/wp-json\/wp\/v2\/media?parent=1377"}],"wp:term":[{"taxonomy":"product_brand","embeddable":true,"href":"https:\/\/nissaccess.fr\/index.php\/wp-json\/wp\/v2\/product_brand?post=1377"},{"taxonomy":"product_cat","embeddable":true,"href":"https:\/\/nissaccess.fr\/index.php\/wp-json\/wp\/v2\/product_cat?post=1377"},{"taxonomy":"product_tag","embeddable":true,"href":"https:\/\/nissaccess.fr\/index.php\/wp-json\/wp\/v2\/product_tag?post=1377"}],"curies":[{"name":"wp","href":"https:\/\/api.w.org\/{rel}","templated":true}]}}