{"id":1328,"date":"2021-10-11T10:05:45","date_gmt":"2021-10-11T08:05:45","guid":{"rendered":"https:\/\/nissaccess.fr\/?post_type=product&#038;p=1328"},"modified":"2021-10-11T14:36:21","modified_gmt":"2021-10-11T12:36:21","slug":"gel-hydro-alcoolique","status":"publish","type":"product","link":"https:\/\/nissaccess.fr\/index.php\/produit\/gel-hydro-alcoolique\/","title":{"rendered":"Gel hydro alcoolique"},"content":{"rendered":"<h1 class=\"page-title\"><span class=\"base\" data-ui-id=\"page-title-wrapper\">Gel hydro alcoolique King 500 ml flacon pompe<\/span><\/h1>\n<p>Solution hydroalcoolique g\u00e9lifi\u00e9e, \u00e0 usage externe, destin\u00e9e \u00e0 la d\u00e9sinfection rapide des mains. S&rsquo;utilise sur mains propres et s\u00e8ches. Ne n\u00e9cessite ni rin\u00e7age ni s\u00e9chage des mains. Recommand\u00e9 dans le domaine m\u00e9dical (h\u00f4pitaux, centre de soins&#8230;)<\/p>\n<p>D\u00e9sinfection des mains.<\/p>\n<p>&nbsp;<\/p>\n","protected":false},"excerpt":{"rendered":"<h1 class=\"page-title\"><span class=\"base\" data-ui-id=\"page-title-wrapper\">Gel hydro alcoolique King 500 ml flacon pompe<\/span><\/h1>\n<p>Solution hydroalcoolique g\u00e9lifi\u00e9e, \u00e0 usage externe, destin\u00e9e \u00e0 la d\u00e9sinfection rapide des mains. S&rsquo;utilise sur mains propres et s\u00e8ches. Ne n\u00e9cessite ni rin\u00e7age ni s\u00e9chage des mains. Recommand\u00e9 dans le domaine m\u00e9dical (h\u00f4pitaux, centre de soins&#8230;)<\/p>\n<p>D\u00e9sinfection des mains.<\/p>\n<p>&nbsp;<\/p>\n","protected":false},"featured_media":1329,"comment_status":"open","ping_status":"closed","template":"","meta":{"_monsterinsights_skip_tracking":false,"_monsterinsights_sitenote_active":false,"_monsterinsights_sitenote_note":"","_monsterinsights_sitenote_category":0},"product_brand":[],"product_cat":[33],"product_tag":[],"class_list":{"0":"post-1328","1":"product","2":"type-product","3":"status-publish","4":"has-post-thumbnail","6":"product_cat-equipement-de-protection-individuelle","8":"first","9":"instock","10":"shipping-taxable","11":"purchasable","12":"product-type-simple"},"jetpack_sharing_enabled":true,"_links":{"self":[{"href":"https:\/\/nissaccess.fr\/index.php\/wp-json\/wp\/v2\/product\/1328","targetHints":{"allow":["GET"]}}],"collection":[{"href":"https:\/\/nissaccess.fr\/index.php\/wp-json\/wp\/v2\/product"}],"about":[{"href":"https:\/\/nissaccess.fr\/index.php\/wp-json\/wp\/v2\/types\/product"}],"replies":[{"embeddable":true,"href":"https:\/\/nissaccess.fr\/index.php\/wp-json\/wp\/v2\/comments?post=1328"}],"wp:featuredmedia":[{"embeddable":true,"href":"https:\/\/nissaccess.fr\/index.php\/wp-json\/wp\/v2\/media\/1329"}],"wp:attachment":[{"href":"https:\/\/nissaccess.fr\/index.php\/wp-json\/wp\/v2\/media?parent=1328"}],"wp:term":[{"taxonomy":"product_brand","embeddable":true,"href":"https:\/\/nissaccess.fr\/index.php\/wp-json\/wp\/v2\/product_brand?post=1328"},{"taxonomy":"product_cat","embeddable":true,"href":"https:\/\/nissaccess.fr\/index.php\/wp-json\/wp\/v2\/product_cat?post=1328"},{"taxonomy":"product_tag","embeddable":true,"href":"https:\/\/nissaccess.fr\/index.php\/wp-json\/wp\/v2\/product_tag?post=1328"}],"curies":[{"name":"wp","href":"https:\/\/api.w.org\/{rel}","templated":true}]}}