{"id":956,"date":"2021-09-27T18:46:07","date_gmt":"2021-09-27T16:46:07","guid":{"rendered":"https:\/\/nissaccess.fr\/?page_id=956"},"modified":"2021-10-01T11:04:50","modified_gmt":"2021-10-01T09:04:50","slug":"qui-sommes-nous-2","status":"publish","type":"page","link":"https:\/\/nissaccess.fr\/index.php\/qui-sommes-nous-2\/","title":{"rendered":"Qui sommes nous"},"content":{"rendered":"<div id=\"pl-956\"  class=\"panel-layout\" ><div id=\"pg-956-0\"  class=\"panel-grid panel-no-style\" ><div id=\"pgc-956-0-0\"  class=\"panel-grid-cell\" ><div id=\"panel-956-0-0-0\" class=\"so-panel widget widget_text panel-first-child panel-last-child\" data-index=\"0\" >\t\t\t<div class=\"textwidget\"><p>NISSACCES est le site internet vitrine de la soci\u00e9t\u00e9 NISSA TRADE qui a pour activit\u00e9 le sourcing .<\/p>\n<p>Notre m\u00e9tier est de rechercher et de valider les fabricants afin de trouver des produits au meilleur rapport qualit\u00e9-prix.<\/p>\n<p>Dans ce cadre nous avons un site internet marchand : www.nissatrade.vous-livre.com<br \/>qui contient d\u00e9j\u00e0 plus de 70 000 produits : fournitures de bureau , Multim\u00e9dia , Entrep\u00f4t Industrie Bureau Commerce , Produits d\u2019entretien et hygi\u00e8ne\u2026.. et pour lequel vous avez un acc\u00e8s direct \u00e0 partir de cette page .<\/p>\n<p>Outre cette gamme de produits nous commercialisons \u00e9galement :<\/p>\n<p>*Des accessoires de t\u00e9l\u00e9phonie mobile.<\/p>\n<p>*Des v\u00eatements de travail et EPI pour toutes activit\u00e9s que nous pouvons personnaliser \u00e0 la demande (broderie , s\u00e9rigraphie, transfert).<\/p>\n<p>*Des objets publicitaires.<\/p>\n<p>*Appareils de Minage de Crypto monnaies<\/p>\n<\/div>\n\t\t<\/div><\/div><\/div><div id=\"pg-956-1\"  class=\"panel-grid panel-no-style\" ><div id=\"pgc-956-1-0\"  class=\"panel-grid-cell\" ><div id=\"panel-956-1-0-0\" class=\"so-panel widget widget_themegrill_flash_heading tg-widget section-title-wrapper panel-first-child panel-last-child\" data-index=\"1\" >\t<h3 class=\"section-title\">Notre \u00e9quipe<\/h3>\n<\/div><\/div><\/div><div id=\"pg-956-2\"  class=\"panel-grid panel-no-style\" ><div id=\"pgc-956-2-0\"  class=\"panel-grid-cell\" ><div id=\"panel-956-2-0-0\" class=\"so-panel widget widget_themegrill_flash_team tg-widget tg-single-team panel-first-child panel-last-child\" data-index=\"2\" ><div class=\"tg-team-widget tg-team-layout-1\">\n\t<div class=\"team-wrapper\">\n\t\t\t\t<div class=\"team-img\">\n\t\t\t\t\t\t<img decoding=\"async\" src=\"http:\/\/nissaccess.fr\/wp-content\/uploads\/2021\/09\/GG-e1632748505735.png\" alt=\"G\u00e9rard Billi\"\/>\n\t\t<\/div>\n\t\t\t\t<div class=\"team-content-wrapper\">\n\t\t\t<div class=\"team-desc-wrapper\">\n\t\t\t\t<h3 class=\"team-title\">G\u00e9rard Billi<\/h3>\n\t\t\t\t<div class=\"team-designation\">Pr\u00e9sident<\/div>\n\t\t\t\t<div class=\"team-content\"><\/div>\n\t\t\t\t\t\t\t<\/div>\n\t\t<\/div>\n\t<\/div>\n<\/div>\n<\/div><\/div><div id=\"pgc-956-2-1\"  class=\"panel-grid-cell\" ><div id=\"panel-956-2-1-0\" class=\"so-panel widget widget_themegrill_flash_team tg-widget tg-single-team panel-first-child panel-last-child\" data-index=\"3\" ><div class=\"tg-team-widget tg-team-layout-1\">\n\t<div class=\"team-wrapper\">\n\t\t\t\t<div class=\"team-img\">\n\t\t\t\t\t\t<img decoding=\"async\" src=\"http:\/\/nissaccess.fr\/wp-content\/uploads\/2021\/09\/34c426fc-76ef-4800-9ef5-12892504ba7a-e1632823030955.jpg\" alt=\"Cherry\"\/>\n\t\t<\/div>\n\t\t\t\t<div class=\"team-content-wrapper\">\n\t\t\t<div class=\"team-desc-wrapper\">\n\t\t\t\t<h3 class=\"team-title\">Cherry<\/h3>\n\t\t\t\t<div class=\"team-designation\">Bureau Chine<\/div>\n\t\t\t\t<div class=\"team-content\">Responsable qualit\u00e9 et validation des usines<\/div>\n\t\t\t\t\t\t\t<\/div>\n\t\t<\/div>\n\t<\/div>\n<\/div>\n<\/div><\/div><div id=\"pgc-956-2-2\"  class=\"panel-grid-cell\" ><div id=\"panel-956-2-2-0\" class=\"so-panel widget widget_themegrill_flash_team tg-widget tg-single-team panel-first-child panel-last-child\" data-index=\"4\" ><div class=\"tg-team-widget tg-team-layout-1\">\n\t<div class=\"team-wrapper\">\n\t\t\t\t<div class=\"team-img\">\n\t\t\t\t\t\t<img decoding=\"async\" src=\"http:\/\/nissaccess.fr\/wp-content\/uploads\/2021\/10\/b1fefae3-3f74-4e83-a4df-c18261c0bcde-e1633079011951.jpg\" alt=\"Penny\"\/>\n\t\t<\/div>\n\t\t\t\t<div class=\"team-content-wrapper\">\n\t\t\t<div class=\"team-desc-wrapper\">\n\t\t\t\t<h3 class=\"team-title\">Penny<\/h3>\n\t\t\t\t<div class=\"team-designation\">Collaboratrice Chine<\/div>\n\t\t\t\t<div class=\"team-content\">Contr\u00f4le qualit\u00e9, interface usines, gestion des exp\u00e9ditions<\/div>\n\t\t\t\t\t\t\t<\/div>\n\t\t<\/div>\n\t<\/div>\n<\/div>\n<\/div><\/div><\/div><\/div>","protected":false},"excerpt":{"rendered":"<p>NISSACCES est le site internet vitrine de la soci\u00e9t\u00e9 NISSA TRADE qui a pour activit\u00e9 le sourcing .Notre m\u00e9tier est [&hellip;]<\/p>\n","protected":false},"author":2,"featured_media":0,"parent":0,"menu_order":0,"comment_status":"closed","ping_status":"closed","template":"page-templates\/full-width.php","meta":{"_monsterinsights_skip_tracking":false,"_monsterinsights_sitenote_active":false,"_monsterinsights_sitenote_note":"","_monsterinsights_sitenote_category":0,"footnotes":""},"class_list":["post-956","page","type-page","status-publish","hentry"],"jetpack_sharing_enabled":true,"_links":{"self":[{"href":"https:\/\/nissaccess.fr\/index.php\/wp-json\/wp\/v2\/pages\/956","targetHints":{"allow":["GET"]}}],"collection":[{"href":"https:\/\/nissaccess.fr\/index.php\/wp-json\/wp\/v2\/pages"}],"about":[{"href":"https:\/\/nissaccess.fr\/index.php\/wp-json\/wp\/v2\/types\/page"}],"author":[{"embeddable":true,"href":"https:\/\/nissaccess.fr\/index.php\/wp-json\/wp\/v2\/users\/2"}],"replies":[{"embeddable":true,"href":"https:\/\/nissaccess.fr\/index.php\/wp-json\/wp\/v2\/comments?post=956"}],"version-history":[{"count":18,"href":"https:\/\/nissaccess.fr\/index.php\/wp-json\/wp\/v2\/pages\/956\/revisions"}],"predecessor-version":[{"id":1150,"href":"https:\/\/nissaccess.fr\/index.php\/wp-json\/wp\/v2\/pages\/956\/revisions\/1150"}],"wp:attachment":[{"href":"https:\/\/nissaccess.fr\/index.php\/wp-json\/wp\/v2\/media?parent=956"}],"curies":[{"name":"wp","href":"https:\/\/api.w.org\/{rel}","templated":true}]}}