{"id":719,"date":"2017-01-02T08:28:52","date_gmt":"2017-01-02T08:28:52","guid":{"rendered":"https:\/\/demo.themegrill.com\/flash-default-2\/?page_id=5"},"modified":"2025-11-27T10:57:37","modified_gmt":"2025-11-27T09:57:37","slug":"home","status":"publish","type":"page","link":"https:\/\/nissaccess.fr\/","title":{"rendered":"Accueil"},"content":{"rendered":"<div id=\"pl-719\"  class=\"panel-layout\" ><div id=\"pg-719-0\"  class=\"panel-grid panel-no-style\" ><div id=\"pgc-719-0-0\"  class=\"panel-grid-cell panel-grid-cell-empty\" ><\/div><div id=\"pgc-719-0-1\"  class=\"panel-grid-cell panel-grid-cell-mobile-last\" ><div id=\"panel-719-0-1-0\" class=\"so-panel widget widget_themegrill_flash_image tg-widget tg-image-widget panel-first-child panel-last-child\" data-index=\"0\" >\t<img decoding=\"async\" src=\"http:\/\/nissaccess.fr\/wp-content\/uploads\/2021\/09\/SmallLogo.jpg\" \/>\n<\/div><\/div><div id=\"pgc-719-0-2\"  class=\"panel-grid-cell panel-grid-cell-empty\" ><\/div><\/div><div id=\"pg-719-1\"  class=\"panel-grid panel-no-style\" ><div id=\"pgc-719-1-0\"  class=\"panel-grid-cell\" ><div id=\"panel-719-1-0-0\" class=\"so-panel widget widget_themegrill_flash_heading tg-widget section-title-wrapper panel-first-child panel-last-child\" data-index=\"1\" >\t<h3 class=\"section-title\">By Nissa Trade<\/h3>\n<\/div><\/div><\/div><div id=\"pg-719-2\"  class=\"panel-grid panel-no-style\" ><div id=\"pgc-719-2-0\"  class=\"panel-grid-cell\" ><div id=\"panel-719-2-0-0\" class=\"so-panel widget widget_themegrill_flash_heading tg-widget section-title-wrapper panel-first-child panel-last-child\" data-index=\"2\" >\t<h3 class=\"section-title\">Plus de 70 000 articles r\u00e9f\u00e9renc\u00e9s<\/h3>\n<\/div><\/div><\/div><div id=\"pg-719-3\"  class=\"panel-grid panel-has-style\" ><div class=\"panel-row-style panel-row-style-for-719-3\" ><div id=\"pgc-719-3-0\"  class=\"panel-grid-cell\" ><div id=\"panel-719-3-0-0\" class=\"so-panel widget widget_themegrill_flash_service tg-widget tg-single-service panel-first-child panel-last-child\" data-index=\"3\" >\n<div class=\"tg-service-widget tg-service-layout-2\">\n\t<div class=\"service-wrapper\">\n\t\t<div class=\"service-icon-title-wrapper clearfix\">\n\t\t\t\t\t\t\t\t\t<figure class=\"service-image-wrap\"><img decoding=\"async\" src=\"http:\/\/nissaccess.fr\/wp-content\/uploads\/2021\/10\/laptop-desk-computer-work-technology-home-124100-pxhere.com_-scaled-e1633080523440.jpg\" \/><\/figure>\n\t\t\t\t\t\t\t\t<\/div>\n\t\t\t\t\t<\/div>\n<\/div>\n<\/div><\/div><div id=\"pgc-719-3-1\"  class=\"panel-grid-cell\" ><div id=\"panel-719-3-1-0\" class=\"so-panel widget widget_themegrill_flash_service tg-widget tg-single-service panel-first-child panel-last-child\" data-index=\"4\" ><div class=\"panel-widget-style panel-widget-style-for-719-3-1-0\" >\n<div class=\"tg-service-widget tg-service-layout-2\">\n\t<div class=\"service-wrapper\">\n\t\t<div class=\"service-icon-title-wrapper clearfix\">\n\t\t\t\t\t\t\t\t\t<figure class=\"service-image-wrap\"><img decoding=\"async\" src=\"http:\/\/nissaccess.fr\/wp-content\/uploads\/2021\/10\/laptop-desk-computer-work-technology-home-124100-pxhere.com_-scaled-e1633080523440.jpg\" \/><\/figure>\n\t\t\t\t\t\t\t\t\t<h3 class=\"service-title-wrap\">\n\t\t\t\t\t\t\t\t<a href=\"https:\/\/www.nissatrade.vous-livre.com\">\n\t\t\t\tSITE MARCHAND\t\t\t\t\t\t\t\t<\/a>\n\t\t\t\t\t\t\t<\/h3>\n\t\t\t\t\t<\/div>\n\t\t\t\t<div class=\"service-content-wrap\">nissatrade.vous-livre.com    70 000 produits : fournitures de bureau , Multim\u00e9dia , Entrep\u00f4t Industrie Bureau Commerce , Produits d\u2019entretien et hygi\u00e8ne\u2026..<\/div>\n\t\t\t\t\t\t<a class=\"service-more\" href=\"https:\/\/www.nissatrade.vous-livre.com\"><\/a>\n\t\t\t<\/div>\n<\/div>\n<\/div><\/div><\/div><div id=\"pgc-719-3-2\"  class=\"panel-grid-cell\" ><div id=\"panel-719-3-2-0\" class=\"so-panel widget widget_themegrill_flash_service tg-widget tg-single-service panel-first-child panel-last-child\" data-index=\"5\" >\n<div class=\"tg-service-widget tg-service-layout-2\">\n\t<div class=\"service-wrapper\">\n\t\t<div class=\"service-icon-title-wrapper clearfix\">\n\t\t\t\t\t\t\t\t\t<figure class=\"service-image-wrap\"><img decoding=\"async\" src=\"http:\/\/nissaccess.fr\/wp-content\/uploads\/2021\/10\/laptop-desk-computer-work-technology-home-124100-pxhere.com_-scaled-e1633080523440.jpg\" \/><\/figure>\n\t\t\t\t\t\t\t\t<\/div>\n\t\t\t\t\t<\/div>\n<\/div>\n<\/div><\/div><\/div><\/div><div id=\"pg-719-4\"  class=\"panel-grid panel-no-style\" ><div id=\"pgc-719-4-0\"  class=\"panel-grid-cell\" ><div id=\"panel-719-4-0-0\" class=\"so-panel widget widget_themegrill_flash_heading tg-widget section-title-wrapper panel-first-child panel-last-child\" data-index=\"6\" >\t<h3 class=\"section-title\">Sourcing\/d\u00e9veloppement\/suivi de production<\/h3>\n<\/div><\/div><\/div><div id=\"pg-719-5\"  class=\"panel-grid panel-no-style\" ><div id=\"pgc-719-5-0\"  class=\"panel-grid-cell\" ><div id=\"panel-719-5-0-0\" class=\"so-panel widget widget_themegrill_flash_service tg-widget tg-single-service panel-first-child panel-last-child\" data-index=\"7\" >\n<div class=\"tg-service-widget tg-service-layout-1\">\n\t<div class=\"service-wrapper\">\n\t\t<div class=\"service-icon-title-wrapper clearfix\">\n\t\t\t\t\t\t\t\t\t<figure class=\"service-image-wrap\"><img decoding=\"async\" src=\"http:\/\/nissaccess.fr\/wp-content\/uploads\/2021\/09\/smartphone-mobile-music-technology-phone-telephone-759456-pxhere.com_-e1632746308916.jpg\" \/><\/figure>\n\t\t\t\t\t\t\t\t\t<h3 class=\"service-title-wrap\">\n\t\t\t\t\t\t\t\t<a href=\"https:\/\/nissaccess.fr\/index.php\/categorie-produit\/telephonie\/\">\n\t\t\t\tTELEPHONIE MOBILE\t\t\t\t\t\t\t\t<\/a>\n\t\t\t\t\t\t\t<\/h3>\n\t\t\t\t\t<\/div>\n\t\t\t\t<div class=\"service-content-wrap\">Des accessoires de t\u00e9l\u00e9phonie mobile en vrac ou packag\u00e9s<\/div>\n\t\t\t\t\t\t<a class=\"service-more\" href=\"https:\/\/nissaccess.fr\/index.php\/categorie-produit\/telephonie\/\"><\/a>\n\t\t\t<\/div>\n<\/div>\n<\/div><\/div><div id=\"pgc-719-5-1\"  class=\"panel-grid-cell\" ><div id=\"panel-719-5-1-0\" class=\"so-panel widget widget_themegrill_flash_service tg-widget tg-single-service panel-first-child panel-last-child\" data-index=\"8\" >\n<div class=\"tg-service-widget tg-service-layout-1\">\n\t<div class=\"service-wrapper\">\n\t\t<div class=\"service-icon-title-wrapper clearfix\">\n\t\t\t\t\t\t\t\t\t<figure class=\"service-image-wrap\"><img decoding=\"async\" src=\"http:\/\/nissaccess.fr\/wp-content\/uploads\/2021\/10\/computer-board-technology-equipment-electrical-electricity-999178-pxhere.com_-scaled-e1633081845691.jpg\" \/><\/figure>\n\t\t\t\t\t\t\t\t<\/div>\n\t\t\t\t<div class=\"service-content-wrap\">Sources d'approvisionnement valid\u00e9es par nos services.\nD\u00e9veloppement de vos propres gammes d'accessoires.\nSuivi de production et contr\u00f4le qualit\u00e9 .<\/div>\n\t\t\t\t\t<\/div>\n<\/div>\n<\/div><\/div><\/div><div id=\"pg-719-6\"  class=\"panel-grid panel-no-style\" ><div id=\"pgc-719-6-0\"  class=\"panel-grid-cell\" ><div id=\"panel-719-6-0-0\" class=\"so-panel widget widget_themegrill_flash_heading tg-widget section-title-wrapper panel-first-child panel-last-child\" data-index=\"9\" >\t<h3 class=\"section-title\">Personnalisation de v\u00eatements et d&#039;objets<\/h3>\n<\/div><\/div><\/div><div id=\"pg-719-7\"  class=\"panel-grid panel-no-style\" ><div id=\"pgc-719-7-0\"  class=\"panel-grid-cell\" ><div id=\"panel-719-7-0-0\" class=\"so-panel widget widget_themegrill_flash_service tg-widget tg-single-service panel-first-child panel-last-child\" data-index=\"10\" >\n<div class=\"tg-service-widget tg-service-layout-1\">\n\t<div class=\"service-wrapper\">\n\t\t<div class=\"service-icon-title-wrapper clearfix\">\n\t\t\t\t\t\t\t\t\t<figure class=\"service-image-wrap\"><img decoding=\"async\" src=\"http:\/\/nissaccess.fr\/wp-content\/uploads\/2021\/09\/iphone-mobile-person-model-phone-communication-513218-pxhere.com_-e1632746258166.jpg\" \/><\/figure>\n\t\t\t\t\t\t\t\t\t<h3 class=\"service-title-wrap\">\n\t\t\t\t\t\t\t\t<a href=\"https:\/\/www.br17.fr\">\n\t\t\t\tEPI\t\t\t\t\t\t\t\t<\/a>\n\t\t\t\t\t\t\t<\/h3>\n\t\t\t\t\t<\/div>\n\t\t\t\t<div class=\"service-content-wrap\">Des v\u00eatements de travail et EPI pour toutes activit\u00e9s que nous pouvons personnaliser \u00e0 la demande (broderie , s\u00e9rigraphie, transfert)<\/div>\n\t\t\t\t\t\t<a class=\"service-more\" href=\"https:\/\/www.br17.fr\"><\/a>\n\t\t\t<\/div>\n<\/div>\n<\/div><\/div><div id=\"pgc-719-7-1\"  class=\"panel-grid-cell\" ><div id=\"panel-719-7-1-0\" class=\"so-panel widget widget_themegrill_flash_service tg-widget tg-single-service panel-first-child panel-last-child\" data-index=\"11\" >\n<div class=\"tg-service-widget tg-service-layout-1\">\n\t<div class=\"service-wrapper\">\n\t\t<div class=\"service-icon-title-wrapper clearfix\">\n\t\t\t\t\t\t\t\t\t<figure class=\"service-image-wrap\"><img decoding=\"async\" src=\"http:\/\/nissaccess.fr\/wp-content\/uploads\/2021\/09\/red-machine-yarn-laser-sweater-bumper-677772-pxhere.com_-e1632746352716.jpg\" \/><\/figure>\n\t\t\t\t\t\t\t\t\t<h3 class=\"service-title-wrap\">\n\t\t\t\t\t\t\t\t<a href=\"https:\/\/nissaccess.fr\/index.php\/donation-failed\/\">\n\t\t\t\tBRODERIE\t\t\t\t\t\t\t\t<\/a>\n\t\t\t\t\t\t\t<\/h3>\n\t\t\t\t\t<\/div>\n\t\t\t\t<div class=\"service-content-wrap\">Broderie sur machine Tajima<\/div>\n\t\t\t\t\t\t<a class=\"service-more\" href=\"https:\/\/nissaccess.fr\/index.php\/donation-failed\/\"><\/a>\n\t\t\t<\/div>\n<\/div>\n<\/div><\/div><div id=\"pgc-719-7-2\"  class=\"panel-grid-cell\" ><div id=\"panel-719-7-2-0\" class=\"so-panel widget widget_themegrill_flash_service tg-widget tg-single-service panel-first-child panel-last-child\" data-index=\"12\" >\n<div class=\"tg-service-widget tg-service-layout-1\">\n\t<div class=\"service-wrapper\">\n\t\t<div class=\"service-icon-title-wrapper clearfix\">\n\t\t\t\t\t\t\t\t\t<figure class=\"service-image-wrap\"><img decoding=\"async\" src=\"http:\/\/nissaccess.fr\/wp-content\/uploads\/2021\/09\/iphone-notebook-smartphone-cup-mug-mobile-phone-1000355-pxhere.com_-e1632747303306.jpg\" \/><\/figure>\n\t\t\t\t\t\t\t\t\t<h3 class=\"service-title-wrap\">\n\t\t\t\t\t\t\t\t<a href=\"https:\/\/advertigodesign.com\">\n\t\t\t\tOBJET D&#039;IMAGE\t\t\t\t\t\t\t\t<\/a>\n\t\t\t\t\t\t\t<\/h3>\n\t\t\t\t\t<\/div>\n\t\t\t\t<div class=\"service-content-wrap\">Nissadvertigo un site d'Objets d'image et cadeaux d'affaires personnalisables <\/div>\n\t\t\t\t\t\t<a class=\"service-more\" href=\"https:\/\/advertigodesign.com\"><\/a>\n\t\t\t<\/div>\n<\/div>\n<\/div><\/div><\/div><div id=\"pg-719-8\"  class=\"panel-grid panel-no-style\" ><div id=\"pgc-719-8-0\"  class=\"panel-grid-cell\" ><div id=\"panel-719-8-0-0\" class=\"so-panel widget widget_themegrill_flash_heading tg-widget section-title-wrapper panel-first-child panel-last-child\" data-index=\"13\" >\t<h3 class=\"section-title\">NOS TEXTILES<\/h3>\n<\/div><\/div><\/div><div id=\"pg-719-9\"  class=\"panel-grid panel-no-style\" ><div id=\"pgc-719-9-0\"  class=\"panel-grid-cell\" ><div id=\"panel-719-9-0-0\" class=\"so-panel widget widget_themegrill_flash_image tg-widget tg-image-widget panel-first-child panel-last-child\" data-index=\"14\" >\t<img decoding=\"async\" src=\"http:\/\/nissaccess.fr\/wp-content\/uploads\/2022\/01\/fa50a2ff-320b-40cc-a35d-415293cac9ab.jpg\" \/>\n<\/div><\/div><div id=\"pgc-719-9-1\"  class=\"panel-grid-cell\" ><div id=\"panel-719-9-1-0\" class=\"so-panel widget widget_themegrill_flash_image tg-widget tg-image-widget panel-first-child panel-last-child\" data-index=\"15\" >\t<img decoding=\"async\" src=\"http:\/\/nissaccess.fr\/wp-content\/uploads\/2022\/01\/image00012-min-scaled.jpeg\" \/>\n<\/div><\/div><div id=\"pgc-719-9-2\"  class=\"panel-grid-cell\" ><div id=\"panel-719-9-2-0\" class=\"so-panel widget widget_themegrill_flash_image tg-widget tg-image-widget panel-first-child panel-last-child\" data-index=\"16\" >\t<img decoding=\"async\" src=\"http:\/\/nissaccess.fr\/wp-content\/uploads\/2022\/01\/image00005-min-scaled.jpeg\" \/>\n<\/div><\/div><\/div><div id=\"pg-719-10\"  class=\"panel-grid panel-no-style\" ><div id=\"pgc-719-10-0\"  class=\"panel-grid-cell\" ><div id=\"panel-719-10-0-0\" class=\"so-panel widget widget_themegrill_flash_service tg-widget tg-single-service panel-first-child panel-last-child\" data-index=\"17\" >\n<div class=\"tg-service-widget tg-service-layout-1\">\n\t<div class=\"service-wrapper\">\n\t\t<div class=\"service-icon-title-wrapper clearfix\">\n\t\t\t\t\t\t\t\t\t<figure class=\"service-image-wrap\"><img decoding=\"async\" src=\"https:\/\/nissaccess.fr\/wp-content\/uploads\/2025\/11\/Unknown.jpeg\" \/><\/figure>\n\t\t\t\t\t\t\t\t\t<h3 class=\"service-title-wrap\">\n\t\t\t\t\t\t\t\t<a href=\"https:\/\/www.swantrad.com\">\n\t\t\t\tSITE DE TRADUCTION\t\t\t\t\t\t\t\t<\/a>\n\t\t\t\t\t\t\t<\/h3>\n\t\t\t\t\t<\/div>\n\t\t\t\t<div class=\"service-content-wrap\">Swantrad Des services linguistiques fiables, asserment\u00e9s ou non<\/div>\n\t\t\t\t\t\t<a class=\"service-more\" href=\"https:\/\/www.swantrad.com\"><\/a>\n\t\t\t<\/div>\n<\/div>\n<\/div><\/div><\/div><div id=\"pg-719-11\"  class=\"panel-grid panel-has-style\" ><div class=\"siteorigin-panels-stretch panel-row-style panel-row-style-for-719-11\" data-stretch-type=\"full\" ><div id=\"pgc-719-11-0\"  class=\"panel-grid-cell\" ><div id=\"panel-719-11-0-0\" class=\"so-panel widget widget_themegrill_flash_cta tg-widget call-to-action-section panel-first-child panel-last-child\" data-index=\"18\" ><div class=\"panel-widget-style panel-widget-style-for-719-11-0-0\" ><div class=\"cta-wrapper call-to-action-section-layout-1\">\n\t<div class=\"section-title-wrapper\">\n\t\t\t\t<h3 class=\"section-title\">NOUS TROUVONS CE QUE VOUS RECHERCHEZ<\/h3>\n\t\t\t\t<h4 class=\"section-subtitle\">NISSACCESS n\u00e9gocie pour vous aupr\u00e8s des usines le meilleur rapport qualit\u00e9-prix.\n<\/h4>\n\t\t\t<\/div>\n\t\t<div class=\"btn-wrapper\">\n\t\t\t\t<a class=\"btn\" href=\"https:\/\/nissaccess.fr\/index.php\/contact\/\">Formulaire de contact<\/a>\n\t\t\t\t\t<\/div>\n\t<\/div>\n<\/div><\/div><\/div><\/div><\/div><div id=\"pg-719-12\"  class=\"panel-grid panel-no-style\" ><div id=\"pgc-719-12-0\"  class=\"panel-grid-cell\" ><div id=\"panel-719-12-0-0\" class=\"so-panel widget widget_themegrill_flash_image tg-widget tg-image-widget panel-first-child panel-last-child\" data-index=\"19\" >\t<img decoding=\"async\" src=\"http:\/\/nissaccess.fr\/wp-content\/uploads\/2021\/10\/beach-sea-coast-water-ocean-horizon-270098-pxhere.com_.jpg\" \/>\n<\/div><\/div><div id=\"pgc-719-12-1\"  class=\"panel-grid-cell\" ><div id=\"panel-719-12-1-0\" class=\"so-panel widget widget_themegrill_flash_image tg-widget tg-image-widget panel-first-child panel-last-child\" data-index=\"20\" >\t<img decoding=\"async\" src=\"http:\/\/nissaccess.fr\/wp-content\/uploads\/2021\/10\/beach-sea-coast-water-ocean-horizon-270098-pxhere.com_.jpg\" \/>\n<\/div><\/div><div id=\"pgc-719-12-2\"  class=\"panel-grid-cell\" ><div id=\"panel-719-12-2-0\" class=\"so-panel widget widget_themegrill_flash_image tg-widget tg-image-widget panel-first-child panel-last-child\" data-index=\"21\" >\t<img decoding=\"async\" src=\"http:\/\/nissaccess.fr\/wp-content\/uploads\/2021\/10\/beach-sea-coast-water-ocean-horizon-270098-pxhere.com_.jpg\" \/>\n<\/div><\/div><\/div><\/div>","protected":false},"excerpt":{"rendered":"<p>By Nissa Trade Plus de 70 000 articles r\u00e9f\u00e9renc\u00e9s SITE MARCHAND nissatrade.vous-livre.com 70 000 produits : fournitures de bureau , [&hellip;]<\/p>\n","protected":false},"author":2,"featured_media":0,"parent":0,"menu_order":0,"comment_status":"closed","ping_status":"closed","template":"page-templates\/pagebuilder.php","meta":{"_monsterinsights_skip_tracking":false,"_monsterinsights_sitenote_active":false,"_monsterinsights_sitenote_note":"","_monsterinsights_sitenote_category":0,"footnotes":""},"class_list":["post-719","page","type-page","status-publish","hentry"],"jetpack_sharing_enabled":true,"_links":{"self":[{"href":"https:\/\/nissaccess.fr\/index.php\/wp-json\/wp\/v2\/pages\/719","targetHints":{"allow":["GET"]}}],"collection":[{"href":"https:\/\/nissaccess.fr\/index.php\/wp-json\/wp\/v2\/pages"}],"about":[{"href":"https:\/\/nissaccess.fr\/index.php\/wp-json\/wp\/v2\/types\/page"}],"author":[{"embeddable":true,"href":"https:\/\/nissaccess.fr\/index.php\/wp-json\/wp\/v2\/users\/2"}],"replies":[{"embeddable":true,"href":"https:\/\/nissaccess.fr\/index.php\/wp-json\/wp\/v2\/comments?post=719"}],"version-history":[{"count":231,"href":"https:\/\/nissaccess.fr\/index.php\/wp-json\/wp\/v2\/pages\/719\/revisions"}],"predecessor-version":[{"id":1489,"href":"https:\/\/nissaccess.fr\/index.php\/wp-json\/wp\/v2\/pages\/719\/revisions\/1489"}],"wp:attachment":[{"href":"https:\/\/nissaccess.fr\/index.php\/wp-json\/wp\/v2\/media?parent=719"}],"curies":[{"name":"wp","href":"https:\/\/api.w.org\/{rel}","templated":true}]}}