{"id":1297,"date":"2021-10-05T18:07:12","date_gmt":"2021-10-05T16:07:12","guid":{"rendered":"https:\/\/nissaccess.fr\/?page_id=1297"},"modified":"2021-10-05T18:08:20","modified_gmt":"2021-10-05T16:08:20","slug":"mentions-legales","status":"publish","type":"page","link":"https:\/\/nissaccess.fr\/index.php\/mentions-legales\/","title":{"rendered":"Mentions l\u00e9gales"},"content":{"rendered":"\n<h1 class=\"wp-block-heading\">Mentions l\u00e9gales<\/h1>\n\n\n\n<p>Bienvenue sur le site www.nissaccess.fr<\/p>\n\n\n\n<p>Merci de lire attentivement les pr\u00e9sentes modalit\u00e9s d\u2019utilisation du site avant de le parcourir. En vous connectant sur ce site, vous acceptez sans r\u00e9serve les pr\u00e9sentes modalit\u00e9s.<\/p>\n\n\n\n<h4 class=\"wp-block-heading\">Pr\u00e9sentation du site<\/h4>\n\n\n\n<p>En vertu de l\u2019article 6 de la loi n\u00b0 2004-575 du 21 juin 2004 pour la confiance dans l\u2019\u00e9conomie num\u00e9rique, il est pr\u00e9cis\u00e9 aux utilisateurs du site www.nissaccess.fr l\u2019identit\u00e9 des diff\u00e9rents intervenants dans le cadre de sa r\u00e9alisation et de son suivi :<\/p>\n\n\n\n<ul class=\"wp-block-list\"><li><strong>Propri\u00e9taire :&nbsp;<\/strong>NISSA TRADE \u2013<strong>&nbsp;<\/strong>832 016 653 \u2013 121 avenue Henri Dunant NICE<\/li><li><strong>Cr\u00e9ateur :&nbsp;<\/strong>NISSA TRADE<\/li><li><strong>Responsable publication :&nbsp;<\/strong>NISSA TRADE \u2013&nbsp;Le responsable publication est une personne physique ou une personne morale.<\/li><li><strong>Webmaster :&nbsp;<\/strong>NISSA TRADE<\/li><\/ul>\n\n\n\n<h4 class=\"wp-block-heading\">Conditions g\u00e9n\u00e9rales d\u2019utilisation du site et des services propos\u00e9s<\/h4>\n\n\n\n<p>L\u2019utilisation du site www.nissaccess.fr implique l\u2019acceptation pleine et enti\u00e8re des conditions g\u00e9n\u00e9rales d\u2019utilisation ci-apr\u00e8s d\u00e9crites. Ces conditions d\u2019utilisation sont susceptibles d\u2019\u00eatre modifi\u00e9es ou compl\u00e9t\u00e9es \u00e0 tout moment, les utilisateurs du site www.nissaccess.fr sont donc invit\u00e9s \u00e0 les consulter de mani\u00e8re r\u00e9guli\u00e8re.<\/p>\n\n\n\n<p>Ce site est normalement accessible \u00e0 tout moment aux utilisateurs. Une interruption pour raison de maintenance technique peut \u00eatre toutefois d\u00e9cid\u00e9e par NISSA TRADE, qui s\u2019efforcera alors de communiquer pr\u00e9alablement aux utilisateurs les dates et heures de l\u2019intervention.<\/p>\n\n\n\n<p>Le site www.nissaccess.fr est mis \u00e0 jour r\u00e9guli\u00e8rement. De la m\u00eame fa\u00e7on, les mentions l\u00e9gales peuvent \u00eatre modifi\u00e9es \u00e0 tout moment : elles s\u2019imposent n\u00e9anmoins \u00e0 l\u2019utilisateur qui est invit\u00e9 \u00e0 s\u2019y r\u00e9f\u00e9rer le plus souvent possible afin d\u2019en prendre connaissance.<\/p>\n\n\n\n<h4 class=\"wp-block-heading\">Description des services fournis<\/h4>\n\n\n\n<p>Le site www.nissaccess.fr a pour objet de fournir une information concernant l\u2019ensemble des activit\u00e9s de la soci\u00e9t\u00e9. NISSA TRADE s\u2019efforce de fournir sur le site www.nissaccess.fr des informations aussi pr\u00e9cises que possible. Toutefois, il ne pourra \u00eatre tenue responsable des omissions, des inexactitudes et des carences dans la mise \u00e0 jour, qu\u2019elles soient de son fait ou du fait des tiers partenaires qui lui fournissent ces informations.<\/p>\n\n\n\n<p>Toutes les informations indiqu\u00e9es sur le site www.nissaccess.fr sont donn\u00e9es \u00e0 titre indicatif, et sont susceptibles d\u2019\u00e9voluer. Par ailleurs, les renseignements figurant sur le site www.nissaccess.fr ne sont pas exhaustifs. Ils sont donn\u00e9s sous r\u00e9serve de modifications ayant \u00e9t\u00e9 apport\u00e9es depuis leur mise en ligne.<\/p>\n\n\n\n<h4 class=\"wp-block-heading\">Limitations contractuelles sur les donn\u00e9es techniques<\/h4>\n\n\n\n<p>Le site utilise la technologie WordPress. Le site Internet ne pourra \u00eatre tenu responsable de dommages mat\u00e9riels li\u00e9s \u00e0 l\u2019utilisation du site. De plus, l\u2019utilisateur du site s\u2019engage \u00e0 acc\u00e9der au site en utilisant un mat\u00e9riel r\u00e9cent, ne contenant pas de virus et avec un navigateur de derni\u00e8re g\u00e9n\u00e9ration mis-\u00e0-jour<\/p>\n\n\n\n<h4 class=\"wp-block-heading\">Propri\u00e9t\u00e9 intellectuelle et contrefa\u00e7ons<\/h4>\n\n\n\n<p>NISSA TRADE est propri\u00e9taire des droits de propri\u00e9t\u00e9 intellectuelle ou d\u00e9tient les droits d\u2019usage sur tous les \u00e9l\u00e9ments accessibles sur le site, notamment les textes, images, graphismes, logos, ic\u00f4nes, sons, logiciels.<\/p>\n\n\n\n<p>Toute reproduction, repr\u00e9sentation, modification, publication, adaptation de tout ou partie des \u00e9l\u00e9ments du site, quel que soit le moyen ou le proc\u00e9d\u00e9 utilis\u00e9, est interdite, sauf autorisation \u00e9crite pr\u00e9alable de : NISSA TRADE<\/p>\n\n\n\n<p>Toute exploitation non autoris\u00e9e du site ou de l\u2019un quelconque des \u00e9l\u00e9ments qu\u2019il contient sera consid\u00e9r\u00e9e comme constitutive d\u2019une contrefa\u00e7on et poursuivie conform\u00e9ment aux dispositions des articles L.335-2 et suivants du Code de Propri\u00e9t\u00e9 Intellectuelle.<\/p>\n\n\n\n<h4 class=\"wp-block-heading\">Limitations de responsabilit\u00e9<\/h4>\n\n\n\n<p>NISSA TRADE ne pourra \u00eatre tenue responsable des dommages directs et indirects caus\u00e9s au mat\u00e9riel de l\u2019utilisateur, lors de l\u2019acc\u00e8s au site www.nissaccess.fr, et r\u00e9sultant soit de l\u2019utilisation d\u2019un mat\u00e9riel ne r\u00e9pondant pas aux sp\u00e9cifications indiqu\u00e9es au point 4, soit de l\u2019apparition d\u2019un bug ou d\u2019une incompatibilit\u00e9.<\/p>\n\n\n\n<p>NISSA TRADE ne pourra \u00e9galement \u00eatre tenue responsable des dommages indirects (tels par exemple qu\u2019une perte de march\u00e9 ou perte d\u2019une chance) cons\u00e9cutifs \u00e0 l\u2019utilisation du site www.nissaccess.fr.<\/p>\n\n\n\n<p>Des espaces interactifs (possibilit\u00e9 de poser des questions dans l\u2019espace contact) sont \u00e0 la disposition des utilisateurs. NISSA TRADE se r\u00e9serve le droit de supprimer, sans mise en demeure pr\u00e9alable, tout contenu d\u00e9pos\u00e9 dans cet espace qui contreviendrait \u00e0 la l\u00e9gislation applicable en France, en particulier aux dispositions relatives \u00e0 la protection des donn\u00e9es. Le cas \u00e9ch\u00e9ant, NISSA TRADE se r\u00e9serve \u00e9galement la possibilit\u00e9 de mettre en cause la responsabilit\u00e9 civile et\/ou p\u00e9nale de l\u2019utilisateur, notamment en cas de message \u00e0 caract\u00e8re raciste, injurieux, diffamant, ou pornographique, quel que soit le support utilis\u00e9 (texte, photographie\u2026).<\/p>\n\n\n\n<h4 class=\"wp-block-heading\">Gestion des donn\u00e9es personnelles<\/h4>\n\n\n\n<p>En France, les donn\u00e9es personnelles sont notamment prot\u00e9g\u00e9es par la loi n\u00b0 78-87 du 6 janvier 1978, la loi n\u00b0 2004-801 du 6 ao\u00fbt 2004, l\u2019article L. 226-13 du Code p\u00e9nal.<\/p>\n\n\n\n<p>\u00c0 l\u2019occasion de l\u2019utilisation du site www.nissaccess.fr, peuvent \u00eatres recueillis : l\u2019URL des liens par l\u2019interm\u00e9diaire desquels l\u2019utilisateur a acc\u00e9d\u00e9 au site www.nissaccess.fr, le fournisseur d\u2019acc\u00e8s de l\u2019utilisateur, l\u2019adresse de protocole Internet (IP) de l\u2019utilisateur. En tout \u00e9tat de cause NISSA TRADE ne collecte des informations personnelles relatives \u00e0 l\u2019utilisateur que pour le besoin de certains services propos\u00e9s par le site www.nissaccess.fr . L\u2019utilisateur fournit ces informations en toute connaissance de cause, notamment lorsqu\u2019il proc\u00e8de par lui-m\u00eame \u00e0 leur saisie. Il est alors pr\u00e9cis\u00e9 \u00e0 l\u2019utilisateur du site www.nissaccess.fr l\u2019obligation ou non de fournir ces informations.<\/p>\n\n\n\n<p>Conform\u00e9ment aux dispositions des articles 38 et suivants de la loi 78-17 du 6 janvier 1978 relative \u00e0 l\u2019informatique, aux fichiers et aux libert\u00e9s, tout utilisateur dispose d\u2019un droit d\u2019acc\u00e8s, de rectification et d\u2019opposition aux donn\u00e9es personnelles le concernant, en effectuant sa demande \u00e9crite et sign\u00e9e, accompagn\u00e9e d\u2019une copie du titre d\u2019identit\u00e9 avec signature du titulaire de la pi\u00e8ce, en pr\u00e9cisant l\u2019adresse \u00e0 laquelle la r\u00e9ponse doit \u00eatre envoy\u00e9e.<\/p>\n\n\n\n<p>Aucune information personnelle de l\u2019utilisateur du site www.nissaccess.fr n\u2019est publi\u00e9e \u00e0 l\u2019insu de l\u2019utilisateur, \u00e9chang\u00e9e, transf\u00e9r\u00e9e, c\u00e9d\u00e9e ou vendue sur un support quelconque \u00e0 des tiers. Seule l\u2019hypoth\u00e8se du rachat de NISSA TRADE et de ses droits permettrait la transmission des dites informations \u00e0 l\u2019\u00e9ventuel acqu\u00e9reur qui serait \u00e0 son tour tenu de la m\u00eame obligation de conservation et de modification des donn\u00e9es vis-\u00e0-vis de l\u2019utilisateur du site www.nissaccess.fr .<\/p>\n\n\n\n<h4 class=\"wp-block-heading\">Les cookies<\/h4>\n\n\n\n<p>Pour des besoins de statistiques et d\u2019affichage, le site www.nissaccess.fr utilise des cookies. Il s\u2019agit de petits fichiers informatiques textes stock\u00e9s sur votre disque dur afin d\u2019enregistrer des donn\u00e9es techniques relatives \u00e0 votre navigation (pages consult\u00e9es, date et heure de la consultation, etc.). L\u2019utilisateur dispose toutefois de la possibilit\u00e9 de s\u2019opposer \u00e0 l\u2019utilisation des cookies en configurant son logiciel de navigation. Cependant, certaines parties de ce site ne peuvent \u00eatre fonctionnelle sans l\u2019acceptation de cookies.<\/p>\n\n\n\n<h4 class=\"wp-block-heading\">Liens hypertextes<\/h4>\n\n\n\n<p>Le site internet de NISSA TRADE peut contenir des liens hypertextes vers d\u2019autres sites web ou des ressources disponibles sur Internet. Cependant, NISSA TRADE ne dispose d\u2019aucun moyen pour contr\u00f4ler ces sites et leur contenu. NISSA TRADE ne r\u00e9pond pas de la disponibilit\u00e9 de tels sites et sources externes, ni ne la garantit. Elle ne peut \u00eatre tenue pour responsable de tout dommage, de quelque nature que ce soit, r\u00e9sultant du contenu de ces sites ou sources externes, et notamment des informations, produits ou services qu\u2019ils proposent, ou de tout usage qui peut \u00eatre fait de ces \u00e9l\u00e9ments. Les risques li\u00e9s \u00e0 cette utilisation incombent pleinement \u00e0 l\u2019internaute, qui doit se conformer \u00e0 leurs conditions d\u2019utilisation.<\/p>\n\n\n\n<p>Les utilisateurs et les visiteurs des sites internet de NISSA TRADE ne peuvent mettre en place un hyperlien en direction de ce site sans l\u2019autorisation expresse et pr\u00e9alable de NISSA TRADE.<\/p>\n\n\n\n<p>Dans l\u2019hypoth\u00e8se o\u00f9 un utilisateur ou visiteur souhaiterait mettre en place un hyperlien en direction d\u2019un des sites internet de NISSA TRADE, il lui appartiendra d\u2019adresser un email accessible sur le site afin de formuler sa demande de mise en place d\u2019un hyperlien. NISSA TRADE se r\u00e9serve le droit d\u2019accepter ou de refuser un hyperlien sans avoir \u00e0 en justifier sa d\u00e9cision.<\/p>\n\n\n\n<h4 class=\"wp-block-heading\">Droit applicable et attribution de juridiction<\/h4>\n\n\n\n<p>Tout litige en relation avec l\u2019utilisation du site www.nissaccess.fr est soumis au droit fran\u00e7ais. Il est fait attribution exclusive de juridiction aux tribunaux comp\u00e9tents.<\/p>\n\n\n\n<h4 class=\"wp-block-heading\">Les principales lois concern\u00e9es<\/h4>\n\n\n\n<p>Loi n\u00b0 78-17 du 6 janvier 1978, notamment modifi\u00e9e par la loi n\u00b0 2004-801 du 6 ao\u00fbt 2004 relative \u00e0 l\u2019informatique, aux fichiers et aux libert\u00e9s.<\/p>\n\n\n\n<p>NISSA TRADE est \u00e0 votre disposition pour tous vos commentaires, suggestions ou questions. Vous pouvez nous \u00e9crire \u00e0 :&nbsp;<a href=\"https:\/\/bazookaweb.fr\/content\/7-nous-contacter\">contact@nissatrade.fr<\/a><\/p>\n","protected":false},"excerpt":{"rendered":"<p>Mentions l\u00e9gales Bienvenue sur le site www.nissaccess.fr Merci de lire attentivement les pr\u00e9sentes modalit\u00e9s d\u2019utilisation du site avant de le [&hellip;]<\/p>\n","protected":false},"author":2,"featured_media":0,"parent":0,"menu_order":0,"comment_status":"closed","ping_status":"closed","template":"","meta":{"_monsterinsights_skip_tracking":false,"_monsterinsights_sitenote_active":false,"_monsterinsights_sitenote_note":"","_monsterinsights_sitenote_category":0,"footnotes":""},"class_list":["post-1297","page","type-page","status-publish","hentry"],"jetpack_sharing_enabled":true,"_links":{"self":[{"href":"https:\/\/nissaccess.fr\/index.php\/wp-json\/wp\/v2\/pages\/1297","targetHints":{"allow":["GET"]}}],"collection":[{"href":"https:\/\/nissaccess.fr\/index.php\/wp-json\/wp\/v2\/pages"}],"about":[{"href":"https:\/\/nissaccess.fr\/index.php\/wp-json\/wp\/v2\/types\/page"}],"author":[{"embeddable":true,"href":"https:\/\/nissaccess.fr\/index.php\/wp-json\/wp\/v2\/users\/2"}],"replies":[{"embeddable":true,"href":"https:\/\/nissaccess.fr\/index.php\/wp-json\/wp\/v2\/comments?post=1297"}],"version-history":[{"count":2,"href":"https:\/\/nissaccess.fr\/index.php\/wp-json\/wp\/v2\/pages\/1297\/revisions"}],"predecessor-version":[{"id":1300,"href":"https:\/\/nissaccess.fr\/index.php\/wp-json\/wp\/v2\/pages\/1297\/revisions\/1300"}],"wp:attachment":[{"href":"https:\/\/nissaccess.fr\/index.php\/wp-json\/wp\/v2\/media?parent=1297"}],"curies":[{"name":"wp","href":"https:\/\/api.w.org\/{rel}","templated":true}]}}