{"id":1228,"date":"2021-10-03T15:52:07","date_gmt":"2021-10-03T13:52:07","guid":{"rendered":"https:\/\/nissaccess.fr\/?page_id=1228"},"modified":"2021-10-03T15:52:07","modified_gmt":"2021-10-03T13:52:07","slug":"devis-en-ligne","status":"publish","type":"page","link":"https:\/\/nissaccess.fr\/index.php\/devis-en-ligne\/","title":{"rendered":"Devis en ligne"},"content":{"rendered":"<div class=\"frm_forms  with_frm_style frm_style_style-formidable\" id=\"frm_form_3_container\" >\n<form enctype=\"multipart\/form-data\" method=\"post\" class=\"frm-show-form \" id=\"form_devisbroderie\" >\n<div class=\"frm_form_fields \">\n<fieldset>\n<legend class=\"frm_screen_reader\">Devis Broderie<\/legend>\r\n\r\n<div class=\"frm_fields_container\">\n<input type=\"hidden\" name=\"frm_action\" value=\"create\" \/>\n<input type=\"hidden\" name=\"form_id\" value=\"3\" \/>\n<input type=\"hidden\" name=\"frm_hide_fields_3\" id=\"frm_hide_fields_3\" value=\"\" \/>\n<input type=\"hidden\" name=\"form_key\" value=\"devisbroderie\" \/>\n<input type=\"hidden\" name=\"item_meta[0]\" value=\"\" \/>\n<input type=\"hidden\" id=\"frm_submit_entry_3\" name=\"frm_submit_entry_3\" value=\"54fbe707c4\" \/><input type=\"hidden\" name=\"_wp_http_referer\" value=\"\/index.php\/wp-json\/wp\/v2\/pages\/1228\" \/><div id=\"frm_field_25_container\" class=\"frm_form_field form-field  frm_top_container frm_third\">\r\n    <label for=\"field_7ws3d\" id=\"field_7ws3d_label\" class=\"frm_primary_label\"> \r\n        <span class=\"frm_required\" aria-hidden=\"true\"><\/span>\r\n    <\/label>\r\n    <input type=\"text\" id=\"field_7ws3d\" name=\"item_meta[25]\" value=\"Demande de devis de broderie\"  data-frmval=\"Demande de devis de broderie\" data-invmsg=\"texte est non valide\" aria-invalid=\"false\"  \/>\r\n    \r\n    \r\n<\/div>\n<div id=\"frm_field_17_container\" class=\"frm_form_field form-field  frm_top_container\">\r\n    <label for=\"field_3wv4o\" id=\"field_3wv4o_label\" class=\"frm_primary_label\">Mod\u00e9les\r\n        <span class=\"frm_required\" aria-hidden=\"true\"><\/span>\r\n    <\/label>\r\n    \t\t<select name=\"item_meta[17]\" id=\"field_3wv4o\"  data-frmval=\"Tee-shirts\" data-invmsg=\"Mod\u00e9les est non valide\" class=\"auto_width\" aria-invalid=\"false\"  >\n\t\t<option  value=\"Sweat-shirts\">Sweat-shirts<\/option><option  value=\"Tee-shirts\" selected='selected'>Tee-shirts<\/option><option  value=\"Polos\">Polos<\/option><option  value=\"Softhells\">Softhells<\/option><option  value=\"Casquettes\">Casquettes<\/option><option  value=\"Polaires\">Polaires<\/option>\t<\/select>\n\t\r\n    \r\n    \r\n<\/div>\n<div id=\"frm_field_18_container\" class=\"frm_form_field form-field  frm_required_field frm_top_container\">\r\n    <label for=\"field_lssdw\" id=\"field_lssdw_label\" class=\"frm_primary_label\">Qte\r\n        <span class=\"frm_required\" aria-hidden=\"true\">*<\/span>\r\n    <\/label>\r\n    <input type=\"number\" id=\"field_lssdw\" name=\"item_meta[18]\" value=\"\"  style=\"width:5%\" data-reqmsg=\"Ce champ ne peut pas \u00eatre vide\" aria-required=\"true\" data-invmsg=\"Nombre est non valide\" class=\"auto_width\" aria-invalid=\"false\"   min=\"5\" max=\"9999999\" step=\"any\"\/>\r\n    \r\n    \r\n<\/div>\n<div id=\"frm_field_20_container\" class=\"frm_form_field form-field  frm_top_container\">\r\n    <label for=\"field_oarts\" id=\"field_oarts_label\" class=\"frm_primary_label\">Tailles\r\n        <span class=\"frm_required\" aria-hidden=\"true\"><\/span>\r\n    <\/label>\r\n    \t\t<select name=\"item_meta[20]\" id=\"field_oarts\"  data-invmsg=\"Tailles est non valide\" class=\"auto_width\" aria-invalid=\"false\"  >\n\t\t<option  value=\"XS\">XS<\/option><option  value=\"S\">S<\/option><option  value=\"M\">M<\/option><option  value=\"L\">L<\/option><option  value=\"XL\">XL<\/option><option  value=\"XXL\">XXL<\/option><option  value=\"3XL\">3XL<\/option><option  value=\"4XL\">4XL<\/option><option  value=\"5XL\">5XL<\/option>\t<\/select>\n\t\r\n    \r\n    \r\n<\/div>\n<div id=\"frm_field_21_container\" class=\"frm_form_field form-field  frm_top_container\">\r\n    <label for=\"field_f2tzu\" id=\"field_f2tzu_label\" class=\"frm_primary_label\">Zone de marquage\r\n        <span class=\"frm_required\" aria-hidden=\"true\"><\/span>\r\n    <\/label>\r\n    \t\t<select name=\"item_meta[21]\" id=\"field_f2tzu\"  data-invmsg=\"Zone de marquage est non valide\" class=\"auto_width\" aria-invalid=\"false\"  >\n\t\t<option  value=\"Coeur\">Coeur<\/option><option  value=\"Manche droite\">Manche droite<\/option><option  value=\"Oppos\u00e9 coeur\">Oppos\u00e9 coeur<\/option><option  value=\"Manche Gauche\">Manche Gauche<\/option><option  value=\"Face\">Face<\/option><option  value=\"Dos\">Dos<\/option>\t<\/select>\n\t\r\n    \r\n    \r\n<\/div>\n<div id=\"frm_field_28_container\" class=\"frm_form_field form-field  frm_required_field frm_top_container frm_third\">\r\n    <label for=\"field_tmihu\" id=\"field_tmihu_label\" class=\"frm_primary_label\">Email\r\n        <span class=\"frm_required\" aria-hidden=\"true\">*<\/span>\r\n    <\/label>\r\n    <input type=\"email\" id=\"field_tmihu\" name=\"item_meta[28]\" value=\"\"  data-reqmsg=\"Ce champ ne peut pas \u00eatre vide\" aria-required=\"true\" data-invmsg=\"Email est non valide\" aria-invalid=\"false\"  \/>\r\n    \r\n    \r\n<\/div>\n<div id=\"frm_field_30_container\" class=\"frm_form_field form-field  frm_top_container frm12\">\n    <label for=\"field_whzj2\" id=\"field_whzj2_label\" class=\"frm_primary_label\">Fichiers\n        <span class=\"frm_required\" aria-hidden=\"true\"><\/span>\n    <\/label>\n    <input type=\"text\" id=\"field_whzj2\" name=\"item_meta[30]\" value=\"\"  style=\"width:70%\" placeholder=\"envoyer s\u00e9par\u00e9ment  vos fichiers vectoris\u00e9s \u00e0 : contact@nissatrade.fr\" data-invmsg=\"texte est non valide\" class=\"auto_width\" aria-invalid=\"false\"  \/>\n    \n    \n<\/div>\n<div id=\"frm_field_29_container\" class=\"frm_form_field form-field  frm_top_container\">\n    <label for=\"field_pg38x\" id=\"field_pg38x_label\" class=\"frm_primary_label\">  Message\n        <span class=\"frm_required\" aria-hidden=\"true\"><\/span>\n    <\/label>\n    <textarea name=\"item_meta[29]\" id=\"field_pg38x\" rows=\"5\"  data-invmsg=\"  Message est non valide\" aria-invalid=\"false\"  ><\/textarea>\n    \n    \n<\/div>\n\t<input type=\"hidden\" name=\"item_key\" value=\"\" \/>\n\t\t\t<div id=\"frm_field_31_container\">\n\t\t\t<label for=\"field_2gdv0\" >\n\t\t\t\tSi vous \u00eates un humain, ne remplissez pas ce champ.\t\t\t<\/label>\n\t\t\t<input  id=\"field_2gdv0\" type=\"text\" class=\"frm_form_field form-field frm_verify\" name=\"item_meta[31]\" value=\"\"  \/>\n\t\t<\/div>\n\t\t<input name=\"frm_state\" type=\"hidden\" value=\"ehcQ+RoQ6uFMIooPPGufYVYvSt9RFlSSE5uZycAaCYg=\" \/><div class=\"frm_submit\">\r\n\r\n<button class=\"frm_button_submit\" type=\"submit\"  >Envoyer<\/button>\r\n\r\n<\/div><\/div>\n<\/fieldset>\n<\/div>\n\n<p style=\"display: none !important;\" class=\"akismet-fields-container\" data-prefix=\"ak_\"><label>&#916;<textarea name=\"ak_hp_textarea\" cols=\"45\" rows=\"8\" maxlength=\"100\"><\/textarea><\/label><input type=\"hidden\" id=\"ak_js_1\" name=\"ak_js\" value=\"37\"\/><script type=\"text\/javascript\">\n\/* <![CDATA[ *\/\ndocument.getElementById( \"ak_js_1\" ).setAttribute( \"value\", ( new Date() ).getTime() );\n\/* ]]> *\/\n<\/script>\n<\/p><\/form>\n<\/div>\n\n","protected":false},"excerpt":{"rendered":"","protected":false},"author":2,"featured_media":0,"parent":0,"menu_order":0,"comment_status":"closed","ping_status":"closed","template":"","meta":{"_monsterinsights_skip_tracking":false,"_monsterinsights_sitenote_active":false,"_monsterinsights_sitenote_note":"","_monsterinsights_sitenote_category":0,"footnotes":""},"class_list":["post-1228","page","type-page","status-publish","hentry"],"jetpack_sharing_enabled":true,"_links":{"self":[{"href":"https:\/\/nissaccess.fr\/index.php\/wp-json\/wp\/v2\/pages\/1228","targetHints":{"allow":["GET"]}}],"collection":[{"href":"https:\/\/nissaccess.fr\/index.php\/wp-json\/wp\/v2\/pages"}],"about":[{"href":"https:\/\/nissaccess.fr\/index.php\/wp-json\/wp\/v2\/types\/page"}],"author":[{"embeddable":true,"href":"https:\/\/nissaccess.fr\/index.php\/wp-json\/wp\/v2\/users\/2"}],"replies":[{"embeddable":true,"href":"https:\/\/nissaccess.fr\/index.php\/wp-json\/wp\/v2\/comments?post=1228"}],"version-history":[{"count":1,"href":"https:\/\/nissaccess.fr\/index.php\/wp-json\/wp\/v2\/pages\/1228\/revisions"}],"predecessor-version":[{"id":1230,"href":"https:\/\/nissaccess.fr\/index.php\/wp-json\/wp\/v2\/pages\/1228\/revisions\/1230"}],"wp:attachment":[{"href":"https:\/\/nissaccess.fr\/index.php\/wp-json\/wp\/v2\/media?parent=1228"}],"curies":[{"name":"wp","href":"https:\/\/api.w.org\/{rel}","templated":true}]}}